{"id":770,"date":"2019-08-25T09:46:39","date_gmt":"2019-08-25T15:46:39","guid":{"rendered":"https:\/\/clubsafesport.nordiqcanada.ca\/brand\/"},"modified":"2024-09-13T13:24:13","modified_gmt":"2024-09-13T19:24:13","slug":"commencez-ici","status":"publish","type":"page","link":"https:\/\/clubsafesport.nordiqcanada.ca\/fr\/commencez-ici\/","title":{"rendered":"Commencez ici"},"content":{"rendered":"<p>[et_pb_section fb_built=\u00a0\u00bb1&Prime; fullwidth=\u00a0\u00bbon\u00a0\u00bb _builder_version=\u00a0\u00bb4.16&Prime; da_disable_devices=\u00a0\u00bboff|off|off\u00a0\u00bb saved_tabs=\u00a0\u00bball\u00a0\u00bb global_colors_info=\u00a0\u00bb{}\u00a0\u00bb da_is_popup=\u00a0\u00bboff\u00a0\u00bb da_exit_intent=\u00a0\u00bboff\u00a0\u00bb da_has_close=\u00a0\u00bbon\u00a0\u00bb da_alt_close=\u00a0\u00bboff\u00a0\u00bb da_dark_close=\u00a0\u00bboff\u00a0\u00bb da_not_modal=\u00a0\u00bbon\u00a0\u00bb da_is_singular=\u00a0\u00bboff\u00a0\u00bb da_with_loader=\u00a0\u00bboff\u00a0\u00bb da_has_shadow=\u00a0\u00bbon\u00a0\u00bb][et_pb_fullwidth_menu menu_id=\u00a0\u00bb5&Prime; active_link_color=\u00a0\u00bb#e0251b\u00a0\u00bb _builder_version=\u00a0\u00bb4.21.0&Prime; menu_font=\u00a0\u00bb|300||on|||||\u00a0\u00bb menu_font_size=\u00a0\u00bb16px\u00a0\u00bb custom_css_main_element=\u00a0\u00bbtext-align: right;\u00a0\u00bb border_width_bottom=\u00a0\u00bb1px\u00a0\u00bb border_color_bottom=\u00a0\u00bb#e7e7e7&Prime; global_colors_info=\u00a0\u00bb{}\u00a0\u00bb][\/et_pb_fullwidth_menu][\/et_pb_section][et_pb_section fb_built=\u00a0\u00bb1&Prime; _builder_version=\u00a0\u00bb4.16&Prime; da_disable_devices=\u00a0\u00bboff|off|off\u00a0\u00bb global_colors_info=\u00a0\u00bb{}\u00a0\u00bb da_is_popup=\u00a0\u00bboff\u00a0\u00bb da_exit_intent=\u00a0\u00bboff\u00a0\u00bb da_has_close=\u00a0\u00bbon\u00a0\u00bb da_alt_close=\u00a0\u00bboff\u00a0\u00bb da_dark_close=\u00a0\u00bboff\u00a0\u00bb da_not_modal=\u00a0\u00bbon\u00a0\u00bb da_is_singular=\u00a0\u00bboff\u00a0\u00bb da_with_loader=\u00a0\u00bboff\u00a0\u00bb da_has_shadow=\u00a0\u00bbon\u00a0\u00bb][et_pb_row _builder_version=\u00a0\u00bb4.16&Prime; global_colors_info=\u00a0\u00bb{}\u00a0\u00bb][et_pb_column type=\u00a0\u00bb4_4&Prime; _builder_version=\u00a0\u00bb4.16&Prime; global_colors_info=\u00a0\u00bb{}\u00a0\u00bb][et_pb_text admin_label=\u00a0\u00bbPage heading\u00a0\u00bb module_class=\u00a0\u00bbpage-heading\u00a0\u00bb _builder_version=\u00a0\u00bb4.27.0&Prime; header_2_font=\u00a0\u00bb|300|||||||\u00a0\u00bb custom_margin=\u00a0\u00bb||0px||false|false\u00a0\u00bb custom_padding=\u00a0\u00bb||0px||false|false\u00a0\u00bb global_colors_info=\u00a0\u00bb{}\u00a0\u00bb]<\/p>\n<h1>Qu\u2019est-ce que le sport s\u00e9curitaire?<\/h1>\n<p>[\/et_pb_text][et_pb_divider color=\u00a0\u00bb#E0251B\u00a0\u00bb divider_position=\u00a0\u00bbcenter\u00a0\u00bb divider_weight=\u00a0\u00bb4px\u00a0\u00bb _builder_version=\u00a0\u00bb4.16&Prime; max_width=\u00a0\u00bb15%\u00a0\u00bb module_alignment=\u00a0\u00bbleft\u00a0\u00bb custom_margin=\u00a0\u00bb0px||2rem||false|false\u00a0\u00bb custom_padding=\u00a0\u00bb0px||||false|false\u00a0\u00bb global_colors_info=\u00a0\u00bb{}\u00a0\u00bb][\/et_pb_divider][\/et_pb_column][\/et_pb_row][et_pb_row column_structure=\u00a0\u00bb1_3,1_3,1_3&Prime; _builder_version=\u00a0\u00bb4.21.0&Prime; _module_preset=\u00a0\u00bbdefault\u00a0\u00bb custom_margin=\u00a0\u00bb0px||||false|false\u00a0\u00bb custom_padding=\u00a0\u00bb0px||||false|false\u00a0\u00bb global_colors_info=\u00a0\u00bb{}\u00a0\u00bb][et_pb_column type=\u00a0\u00bb1_3&Prime; _builder_version=\u00a0\u00bb4.21.0&Prime; _module_preset=\u00a0\u00bbdefault\u00a0\u00bb global_colors_info=\u00a0\u00bb{}\u00a0\u00bb][et_pb_accordion _builder_version=\u00a0\u00bb4.27.0&Prime; _module_preset=\u00a0\u00bbdefault\u00a0\u00bb global_colors_info=\u00a0\u00bb{}\u00a0\u00bb][et_pb_accordion_item title=\u00a0\u00bbQu\u2019est-ce que le sport s\u00e9curitaire?\u00a0\u00bb open=\u00a0\u00bbon\u00a0\u00bb _builder_version=\u00a0\u00bb4.27.0&Prime; _module_preset=\u00a0\u00bbdefault\u00a0\u00bb global_colors_info=\u00a0\u00bb{}\u00a0\u00bb]<\/p>\n<p>Dans un milieu sportif s\u00e9curitaire, les participants travaillent et apprennent ensemble sans craindre d&rsquo;\u00eatre victimes d&rsquo;abus, de n\u00e9gligence ou d&rsquo;autres formes de maltraitance. Le <a href=\"https:\/\/commissaireintegritesport.ca\/files\/CCUMS-v6.0-20220531.pdf\">Code de conduite universel pour pr\u00e9venir et contrer la maltraitance dans le sport<\/a> donne des exemples de ce \u00e0 quoi ressemblent les abus et la maltraitance. La cr\u00e9ation de milieux sportifs s\u00e9curitaires est un effort collectif qui n\u00e9cessite une formation ad\u00e9quate afin que les gens puissent reconna\u00eetre, pr\u00e9venir et traiter la maltraitance.<\/p>\n<p>En plus d&rsquo;\u00eatre exempts d&rsquo;abus, les milieux sportifs s\u00e9curitaires sont positifs, inclusifs et respectueux. Ces conditions peuvent \u00eatre cr\u00e9\u00e9es en suivant les <a href=\"https:\/\/truesportpur.ca\/fr\/principes-sport-pur\">Principes Sport pur<\/a>.<\/p>\n<p>[\/et_pb_accordion_item][\/et_pb_accordion][et_pb_image src=\u00a0\u00bbhttps:\/\/clubsafesport.nordiqcanada.ca\/wp-content\/uploads\/Abuse-free-sport-square.jpg\u00a0\u00bb title_text=\u00a0\u00bbAbuse free sport square\u00a0\u00bb _builder_version=\u00a0\u00bb4.21.0&Prime; _module_preset=\u00a0\u00bbdefault\u00a0\u00bb global_colors_info=\u00a0\u00bb{}\u00a0\u00bb][\/et_pb_image][\/et_pb_column][et_pb_column type=\u00a0\u00bb1_3&Prime; _builder_version=\u00a0\u00bb4.21.0&Prime; _module_preset=\u00a0\u00bbdefault\u00a0\u00bb global_colors_info=\u00a0\u00bb{}\u00a0\u00bb][et_pb_accordion _builder_version=\u00a0\u00bb4.27.0&Prime; _module_preset=\u00a0\u00bbdefault\u00a0\u00bb global_colors_info=\u00a0\u00bb{}\u00a0\u00bb][et_pb_accordion_item title=\u00a0\u00bb\u00c0 qui s\u2019adresse cette trousse d\u2019outils?\u00a0\u00bb open=\u00a0\u00bbon\u00a0\u00bb _builder_version=\u00a0\u00bb4.27.0&Prime; _module_preset=\u00a0\u00bbdefault\u00a0\u00bb global_colors_info=\u00a0\u00bb{}\u00a0\u00bb]<\/p>\n<p>Tout administrateur de club peut utiliser cette bo\u00eete \u00e0 outils pour am\u00e9liorer la s\u00e9curit\u00e9 et la culture de son club. Les clubs de tout le pays doivent mettre en \u0153uvre ces politiques au d\u00e9but de leur ann\u00e9e d&rsquo;adh\u00e9sion 2024-2025, \u00e0 moins qu&rsquo;ils ne soient exempt\u00e9s par les r\u00e8glements provinciaux ou territoriaux. Vous recevrez plus d&rsquo;informations sur cette transition de la part de votre division.<\/p>\n<p>Votre Division est une ressource pr\u00e9cieuse pour les clubs qui cherchent \u00e0 mettre en \u0153uvre des politiques et des pratiques SafeSport et \u00e0 d\u00e9velopper des cultures positives.<\/p>\n<p>[\/et_pb_accordion_item][\/et_pb_accordion][et_pb_image src=\u00a0\u00bbhttps:\/\/clubsafesport.nordiqcanada.ca\/wp-content\/uploads\/Maple-leafe.jpg\u00a0\u00bb title_text=\u00a0\u00bbMaple leafe\u00a0\u00bb _builder_version=\u00a0\u00bb4.21.0&Prime; _module_preset=\u00a0\u00bbdefault\u00a0\u00bb global_colors_info=\u00a0\u00bb{}\u00a0\u00bb][\/et_pb_image][\/et_pb_column][et_pb_column type=\u00a0\u00bb1_3&Prime; _builder_version=\u00a0\u00bb4.21.0&Prime; _module_preset=\u00a0\u00bbdefault\u00a0\u00bb global_colors_info=\u00a0\u00bb{}\u00a0\u00bb][et_pb_accordion _builder_version=\u00a0\u00bb4.27.0&Prime; _module_preset=\u00a0\u00bbdefault\u00a0\u00bb hover_enabled=\u00a0\u00bb0&Prime; global_colors_info=\u00a0\u00bb{}\u00a0\u00bb sticky_enabled=\u00a0\u00bb0&Prime;][et_pb_accordion_item title=\u00a0\u00bbPar o\u00f9 commencer ?\u00a0\u00bb open=\u00a0\u00bbon\u00a0\u00bb _builder_version=\u00a0\u00bb4.27.0&Prime; _module_preset=\u00a0\u00bbdefault\u00a0\u00bb hover_enabled=\u00a0\u00bb0&Prime; global_colors_info=\u00a0\u00bb{}\u00a0\u00bb sticky_enabled=\u00a0\u00bb0&Prime;]<\/p>\n<p>R\u00e9pondez \u00e0 ces questions pour d\u00e9terminer o\u00f9 se trouve votre club sur son parcours de sport s\u00e9curitaire. Ensuite, consultez les sections de la trousse d&rsquo;outils sur le sport s\u00e9curitaire qui correspondent aux lacunes que vous avez identifi\u00e9es.<\/p>\n<p>&nbsp;<\/p>\n<ol>\n<li>Est-ce que votre club dispose d\u2019un responsable du sport s\u00e9curitaire ?<\/li>\n<li>Est-ce que votre club dispose d\u2019un comit\u00e9 de sport s\u00e9curitaire et un comit\u00e9 de v\u00e9rification ?<\/li>\n<li>Est-ce que votre club dispose d&rsquo;un processus de recrutement organis\u00e9?<\/li>\n<li>Est-ce que votre club dispose de politiques de sport s\u00e9curitaire, telles qu&rsquo;un code d&rsquo;\u00e9thique, une politique relative aux plaintes et \u00e0 la discipline et une politique de v\u00e9rification des ant\u00e9c\u00e9dents?<\/li>\n<li>Est-ce que votre club demande aux membres du conseil d&rsquo;administration, aux entra\u00eeneurs et \u00e0 d&rsquo;autres personnes de suivre une formation sur le sport s\u00e9curitaire ?<\/li>\n<li>Est-ce que votre club proc\u00e8de \u00e0 une v\u00e9rification du sport s\u00e9curitaire des entra\u00eeneurs, du personnel et des principaux b\u00e9n\u00e9voles, y compris une v\u00e9rification du casier judiciaire, du dossier de conducteur et des r\u00e9f\u00e9rences?<\/li>\n<li>Est-ce que votre club sonde les athl\u00e8tes apr\u00e8s des voyages de camps et de comp\u00e9titions?<\/li>\n<li>Est-ce que votre club organise des r\u00e9unions pour les parents et les athl\u00e8tes des programmes comp\u00e9titifs au d\u00e9but de la saison?<\/li>\n<li>Est-ce que les membres de votre club savent comment signaler un probl\u00e8me li\u00e9 au sport s\u00e9curitaire?<\/li>\n<li>Est-ce que votre club sait quoi faire si quelqu&rsquo;un signale un probl\u00e8me de sport s\u00e9curitaire?<\/li>\n<\/ol>\n<p>[\/et_pb_accordion_item][\/et_pb_accordion][et_pb_image src=\u00a0\u00bbhttps:\/\/clubsafesport.nordiqcanada.ca\/wp-content\/uploads\/where-to-star.jpg\u00a0\u00bb title_text=\u00a0\u00bbwhere to star\u00a0\u00bb _builder_version=\u00a0\u00bb4.21.0&Prime; _module_preset=\u00a0\u00bbdefault\u00a0\u00bb global_colors_info=\u00a0\u00bb{}\u00a0\u00bb][\/et_pb_image][\/et_pb_column][\/et_pb_row][\/et_pb_section][et_pb_section fb_built=\u00a0\u00bb1&Prime; admin_label=\u00a0\u00bbPopup &#8211; #division-popup\u00a0\u00bb module_id=\u00a0\u00bbdivision-popup\u00a0\u00bb module_class=\u00a0\u00bbpopup on-exit\u00a0\u00bb _builder_version=\u00a0\u00bb4.24.3&Prime; _module_preset=\u00a0\u00bbdefault\u00a0\u00bb width=\u00a0\u00bb50%\u00a0\u00bb module_alignment=\u00a0\u00bbcenter\u00a0\u00bb da_is_popup=\u00a0\u00bbon\u00a0\u00bb da_popup_slug=\u00a0\u00bbdivision-popup\u00a0\u00bb da_exit_intent=\u00a0\u00bbon\u00a0\u00bb da_disable_devices=\u00a0\u00bboff|off|off\u00a0\u00bb global_colors_info=\u00a0\u00bb{}\u00a0\u00bb da_has_close=\u00a0\u00bbon\u00a0\u00bb da_alt_close=\u00a0\u00bboff\u00a0\u00bb da_dark_close=\u00a0\u00bboff\u00a0\u00bb da_not_modal=\u00a0\u00bbon\u00a0\u00bb da_is_singular=\u00a0\u00bboff\u00a0\u00bb da_with_loader=\u00a0\u00bboff\u00a0\u00bb da_has_shadow=\u00a0\u00bbon\u00a0\u00bb][et_pb_row _builder_version=\u00a0\u00bb4.24.3&Prime; _module_preset=\u00a0\u00bbdefault\u00a0\u00bb width_tablet=\u00a0\u00bb80%\u00a0\u00bb width_phone=\u00a0\u00bb80%\u00a0\u00bb width_last_edited=\u00a0\u00bbon|desktop\u00a0\u00bb module_alignment=\u00a0\u00bbcenter\u00a0\u00bb custom_padding=\u00a0\u00bb30px|30px|30px|30px|true|true\u00a0\u00bb global_colors_info=\u00a0\u00bb{}\u00a0\u00bb][et_pb_column type=\u00a0\u00bb4_4&Prime; _builder_version=\u00a0\u00bb4.24.3&Prime; _module_preset=\u00a0\u00bbdefault\u00a0\u00bb global_colors_info=\u00a0\u00bb{}\u00a0\u00bb][et_pb_image src=\u00a0\u00bbhttps:\/\/clubsafesport.nordiqcanada.ca\/wp-content\/uploads\/image001-1.png\u00a0\u00bb title_text=\u00a0\u00bbimage001&Prime; _builder_version=\u00a0\u00bb4.24.3&Prime; _module_preset=\u00a0\u00bbdefault\u00a0\u00bb global_colors_info=\u00a0\u00bb{}\u00a0\u00bb][\/et_pb_image][\/et_pb_column][\/et_pb_row][\/et_pb_section]<\/p>\n","protected":false},"excerpt":{"rendered":"<p>Qu\u2019est-ce que le sport s\u00e9curitaire?Dans un milieu sportif s\u00e9curitaire, les participants travaillent et apprennent ensemble sans craindre d&rsquo;\u00eatre victimes d&rsquo;abus, de n\u00e9gligence ou d&rsquo;autres formes de maltraitance. Le Code de conduite universel pour pr\u00e9venir et contrer la maltraitance dans le sport donne des exemples de ce \u00e0 quoi ressemblent les abus et la maltraitance. La [&hellip;]<\/p>\n","protected":false},"author":1,"featured_media":0,"parent":0,"menu_order":0,"comment_status":"closed","ping_status":"closed","template":"","meta":{"_et_pb_use_builder":"on","_et_pb_old_content":"","_et_gb_content_width":"","footnotes":""},"class_list":["post-770","page","type-page","status-publish","hentry"],"_links":{"self":[{"href":"https:\/\/clubsafesport.nordiqcanada.ca\/fr\/wp-json\/wp\/v2\/pages\/770","targetHints":{"allow":["GET"]}}],"collection":[{"href":"https:\/\/clubsafesport.nordiqcanada.ca\/fr\/wp-json\/wp\/v2\/pages"}],"about":[{"href":"https:\/\/clubsafesport.nordiqcanada.ca\/fr\/wp-json\/wp\/v2\/types\/page"}],"author":[{"embeddable":true,"href":"https:\/\/clubsafesport.nordiqcanada.ca\/fr\/wp-json\/wp\/v2\/users\/1"}],"replies":[{"embeddable":true,"href":"https:\/\/clubsafesport.nordiqcanada.ca\/fr\/wp-json\/wp\/v2\/comments?post=770"}],"version-history":[{"count":15,"href":"https:\/\/clubsafesport.nordiqcanada.ca\/fr\/wp-json\/wp\/v2\/pages\/770\/revisions"}],"predecessor-version":[{"id":2240,"href":"https:\/\/clubsafesport.nordiqcanada.ca\/fr\/wp-json\/wp\/v2\/pages\/770\/revisions\/2240"}],"wp:attachment":[{"href":"https:\/\/clubsafesport.nordiqcanada.ca\/fr\/wp-json\/wp\/v2\/media?parent=770"}],"curies":[{"name":"wp","href":"https:\/\/api.w.org\/{rel}","templated":true}]}}