{"id":772,"date":"2019-08-26T09:03:16","date_gmt":"2019-08-26T15:03:16","guid":{"rendered":"https:\/\/clubsafesport.nordiqcanada.ca\/logos\/"},"modified":"2024-09-17T10:47:15","modified_gmt":"2024-09-17T16:47:15","slug":"formation","status":"publish","type":"page","link":"https:\/\/clubsafesport.nordiqcanada.ca\/fr\/formation\/","title":{"rendered":"Formation"},"content":{"rendered":"<p>[et_pb_section fb_built=\u00a0\u00bb1&Prime; fullwidth=\u00a0\u00bbon\u00a0\u00bb _builder_version=\u00a0\u00bb4.16&Prime; da_disable_devices=\u00a0\u00bboff|off|off\u00a0\u00bb saved_tabs=\u00a0\u00bball\u00a0\u00bb global_colors_info=\u00a0\u00bb{}\u00a0\u00bb da_is_popup=\u00a0\u00bboff\u00a0\u00bb da_exit_intent=\u00a0\u00bboff\u00a0\u00bb da_has_close=\u00a0\u00bbon\u00a0\u00bb da_alt_close=\u00a0\u00bboff\u00a0\u00bb da_dark_close=\u00a0\u00bboff\u00a0\u00bb da_not_modal=\u00a0\u00bbon\u00a0\u00bb da_is_singular=\u00a0\u00bboff\u00a0\u00bb da_with_loader=\u00a0\u00bboff\u00a0\u00bb da_has_shadow=\u00a0\u00bbon\u00a0\u00bb][et_pb_fullwidth_menu menu_id=\u00a0\u00bb5&Prime; active_link_color=\u00a0\u00bb#e0251b\u00a0\u00bb _builder_version=\u00a0\u00bb4.21.0&Prime; menu_font=\u00a0\u00bb|300||on|||||\u00a0\u00bb menu_font_size=\u00a0\u00bb16px\u00a0\u00bb custom_css_main_element=\u00a0\u00bbtext-align: right;\u00a0\u00bb border_width_bottom=\u00a0\u00bb1px\u00a0\u00bb border_color_bottom=\u00a0\u00bb#e7e7e7&Prime; global_colors_info=\u00a0\u00bb{}\u00a0\u00bb][\/et_pb_fullwidth_menu][\/et_pb_section][et_pb_section fb_built=\u00a0\u00bb1&Prime; _builder_version=\u00a0\u00bb4.16&Prime; da_disable_devices=\u00a0\u00bboff|off|off\u00a0\u00bb global_colors_info=\u00a0\u00bb{}\u00a0\u00bb da_is_popup=\u00a0\u00bboff\u00a0\u00bb da_exit_intent=\u00a0\u00bboff\u00a0\u00bb da_has_close=\u00a0\u00bbon\u00a0\u00bb da_alt_close=\u00a0\u00bboff\u00a0\u00bb da_dark_close=\u00a0\u00bboff\u00a0\u00bb da_not_modal=\u00a0\u00bbon\u00a0\u00bb da_is_singular=\u00a0\u00bboff\u00a0\u00bb da_with_loader=\u00a0\u00bboff\u00a0\u00bb da_has_shadow=\u00a0\u00bbon\u00a0\u00bb][et_pb_row _builder_version=\u00a0\u00bb4.16&Prime; custom_margin=\u00a0\u00bb||0px||false|false\u00a0\u00bb custom_padding=\u00a0\u00bb||0px||false|false\u00a0\u00bb global_colors_info=\u00a0\u00bb{}\u00a0\u00bb][et_pb_column type=\u00a0\u00bb4_4&Prime; _builder_version=\u00a0\u00bb4.16&Prime; global_colors_info=\u00a0\u00bb{}\u00a0\u00bb][et_pb_text admin_label=\u00a0\u00bbPage heading\u00a0\u00bb module_class=\u00a0\u00bbpage-heading\u00a0\u00bb _builder_version=\u00a0\u00bb4.27.0&Prime; header_2_font=\u00a0\u00bb|300|||||||\u00a0\u00bb custom_margin=\u00a0\u00bb||0px||false|false\u00a0\u00bb custom_padding=\u00a0\u00bb||0px||false|false\u00a0\u00bb global_colors_info=\u00a0\u00bb{}\u00a0\u00bb]<\/p>\n<h1>Formation<\/h1>\n<p>[\/et_pb_text][et_pb_divider color=\u00a0\u00bb#E0251B\u00a0\u00bb divider_position=\u00a0\u00bbcenter\u00a0\u00bb divider_weight=\u00a0\u00bb4px\u00a0\u00bb _builder_version=\u00a0\u00bb4.16&Prime; max_width=\u00a0\u00bb15%\u00a0\u00bb module_alignment=\u00a0\u00bbleft\u00a0\u00bb custom_margin=\u00a0\u00bb0px||2rem||false|false\u00a0\u00bb custom_padding=\u00a0\u00bb0px||||false|false\u00a0\u00bb global_colors_info=\u00a0\u00bb{}\u00a0\u00bb][\/et_pb_divider][et_pb_text disabled_on=\u00a0\u00bboff|off|off\u00a0\u00bb admin_label=\u00a0\u00bbText \u00a0\u00bb module_class=\u00a0\u00bbshowstaff\u00a0\u00bb _builder_version=\u00a0\u00bb4.27.0&Prime; global_colors_info=\u00a0\u00bb{}\u00a0\u00bb]<\/p>\n<p>Le conseil d&rsquo;administration, les entra\u00eeneurs, le personnel, les athl\u00e8tes cl\u00e9s et leurs parents doivent au minimum suivre une formation sur le sport s\u00e9curitaire. La politique de v\u00e9rification des ant\u00e9c\u00e9dents [link to policy, which Megan will provide later] exige la formation suivante\u00a0:<\/p>\n<p>[\/et_pb_text][et_pb_text disabled_on=\u00a0\u00bboff|off|off\u00a0\u00bb admin_label=\u00a0\u00bbTable\u00a0\u00bb _builder_version=\u00a0\u00bb4.27.0&Prime; _module_preset=\u00a0\u00bbdefault\u00a0\u00bb hover_enabled=\u00a0\u00bb0&Prime; global_colors_info=\u00a0\u00bb{}\u00a0\u00bb sticky_enabled=\u00a0\u00bb0&Prime;]<\/p>\n<table class=\"events-table\" style=\"width: 100%;\">\n<thead>\n<tr>\n<th style=\"width: 16.7883%;\">Risk Level<\/th>\n<th style=\"width: 30.292%;\">Example<\/th>\n<th style=\"width: 49.2701%;\">Required Training<\/th>\n<\/tr>\n<\/thead>\n<tbody>\n<tr>\n<td style=\"width: 16.7883%;\">Faible<\/td>\n<td style=\"width: 30.292%;\">Athl\u00e8tes et parents dans certains programmes<\/td>\n<td style=\"width: 49.2701%;\">\n<ul>\n<li><a href=\"https:\/\/safesport.coach.ca\/fr\">Formation Sport s\u00e9curitaire de l\u2019ACE<\/a> et<\/li>\n<li><a href=\"https:\/\/coach.ca\/fr\/securite-dans-le-sport\/mouvement-entrainement-responsable\/regle-de-deux?gclid=EAIaIQobChMI5fHm0cy8_wIV4xqtBh0d7wDoEAAYASAAEgKW8PD_BwE\">Comprendre le module en ligne de la R\u00e8gle de deux<\/a><\/li>\n<\/ul>\n<\/td>\n<\/tr>\n<tr>\n<td style=\"width: 16.7883%;\">Moyen<\/td>\n<td style=\"width: 30.292%;\" width=\"239\">Membres du conseil<\/td>\n<td style=\"width: 49.2701%;\">\n<ul>\n<li><a href=\"https:\/\/safesport.coach.ca\/fr\">Formation Sport s\u00e9curitaire de l\u2019ACE<\/a> et<\/li>\n<li><a href=\"https:\/\/coach.ca\/fr\/securite-dans-le-sport\/mouvement-entrainement-responsable\/regle-de-deux?gclid=EAIaIQobChMI5fHm0cy8_wIV4xqtBh0d7wDoEAAYASAAEgKW8PD_BwE\">Comprendre le module en ligne de la R\u00e8gle de deux<\/a><\/li>\n<\/ul>\n<\/td>\n<\/tr>\n<tr>\n<td style=\"width: 16.7883%;\" width=\"216\">\u00c9lev\u00e9<\/td>\n<td style=\"width: 30.292%;\" width=\"239\">Entra\u00eeneurs<\/td>\n<td style=\"width: 49.2701%;\">\n<ul>\n<li><a href=\"https:\/\/french.respectgroupinc.com\/respect-et-sport\/#leaders-dactivit\u00e9\">Respect et sport pour leaders d\u2019activit\u00e9<\/a> et<\/li>\n<li><a href=\"https:\/\/coach.ca\/fr\/prise-de-decisions-ethiques-pde?gclid=EAIaIQobChMI0ZbZm_WS_QIVdAZ9Ch200AsMEAAYASAAEgLKX_D_BwE\">Prise de d\u00e9cision \u00e9thique (PED) certifi\u00e9<\/a> et<\/li>\n<li><a href=\"https:\/\/safesport.coach.ca\/fr\">Formation Sport s\u00e9curitaire de l\u2019ACE<\/a>, et<\/li>\n<li><a href=\"https:\/\/coach.ca\/fr\/securite-dans-le-sport\/mouvement-entrainement-responsable\/regle-de-deux?gclid=EAIaIQobChMI5fHm0cy8_wIV4xqtBh0d7wDoEAAYASAAEgKW8PD_BwE\">Comprendre le module en ligne de la R\u00e8gle de deux<\/a><\/li>\n<\/ul>\n<\/td>\n<\/tr>\n<\/tbody>\n<\/table>\n<p>[\/et_pb_text][\/et_pb_column][\/et_pb_row][\/et_pb_section]<\/p>\n","protected":false},"excerpt":{"rendered":"<p>FormationLe conseil d&rsquo;administration, les entra\u00eeneurs, le personnel, les athl\u00e8tes cl\u00e9s et leurs parents doivent au minimum suivre une formation sur le sport s\u00e9curitaire. La politique de v\u00e9rification des ant\u00e9c\u00e9dents [link to policy, which Megan will provide later] exige la formation suivante\u00a0: Risk Level Example Required Training Faible Athl\u00e8tes et parents dans certains programmes Formation Sport [&hellip;]<\/p>\n","protected":false},"author":1,"featured_media":0,"parent":0,"menu_order":0,"comment_status":"closed","ping_status":"closed","template":"","meta":{"_et_pb_use_builder":"on","_et_pb_old_content":"","_et_gb_content_width":"","footnotes":""},"class_list":["post-772","page","type-page","status-publish","hentry"],"_links":{"self":[{"href":"https:\/\/clubsafesport.nordiqcanada.ca\/fr\/wp-json\/wp\/v2\/pages\/772","targetHints":{"allow":["GET"]}}],"collection":[{"href":"https:\/\/clubsafesport.nordiqcanada.ca\/fr\/wp-json\/wp\/v2\/pages"}],"about":[{"href":"https:\/\/clubsafesport.nordiqcanada.ca\/fr\/wp-json\/wp\/v2\/types\/page"}],"author":[{"embeddable":true,"href":"https:\/\/clubsafesport.nordiqcanada.ca\/fr\/wp-json\/wp\/v2\/users\/1"}],"replies":[{"embeddable":true,"href":"https:\/\/clubsafesport.nordiqcanada.ca\/fr\/wp-json\/wp\/v2\/comments?post=772"}],"version-history":[{"count":14,"href":"https:\/\/clubsafesport.nordiqcanada.ca\/fr\/wp-json\/wp\/v2\/pages\/772\/revisions"}],"predecessor-version":[{"id":2273,"href":"https:\/\/clubsafesport.nordiqcanada.ca\/fr\/wp-json\/wp\/v2\/pages\/772\/revisions\/2273"}],"wp:attachment":[{"href":"https:\/\/clubsafesport.nordiqcanada.ca\/fr\/wp-json\/wp\/v2\/media?parent=772"}],"curies":[{"name":"wp","href":"https:\/\/api.w.org\/{rel}","templated":true}]}}