{"id":791,"date":"2019-08-26T09:10:38","date_gmt":"2019-08-26T15:10:38","guid":{"rendered":"https:\/\/clubsafesport.nordiqcanada.ca\/video\/"},"modified":"2020-10-07T09:22:23","modified_gmt":"2020-10-07T15:22:23","slug":"video","status":"publish","type":"page","link":"https:\/\/clubsafesport.nordiqcanada.ca\/fr\/video\/","title":{"rendered":"Vid\u00e9o"},"content":{"rendered":"<p>[et_pb_section fb_built=\u00a0\u00bb1&Prime; fullwidth=\u00a0\u00bbon\u00a0\u00bb _builder_version=\u00a0\u00bb3.27.3&Prime; saved_tabs=\u00a0\u00bball\u00a0\u00bb][et_pb_fullwidth_menu menu_id=\u00a0\u00bb5&Prime; active_link_color=\u00a0\u00bb#e0251b\u00a0\u00bb _builder_version=\u00a0\u00bb3.29.3&Prime; menu_font=\u00a0\u00bb|300||on|||||\u00a0\u00bb menu_font_size=\u00a0\u00bb16px\u00a0\u00bb custom_css_main_element=\u00a0\u00bbtext-align: right;\u00a0\u00bb border_width_bottom=\u00a0\u00bb1px\u00a0\u00bb border_color_bottom=\u00a0\u00bb#e7e7e7&Prime;][\/et_pb_fullwidth_menu][\/et_pb_section][et_pb_section fb_built=\u00a0\u00bb1&Prime; _builder_version=\u00a0\u00bb3.27.3&Prime;][et_pb_row _builder_version=\u00a0\u00bb3.27.3&Prime;][et_pb_column type=\u00a0\u00bb4_4&Prime; _builder_version=\u00a0\u00bb3.27.3&Prime;][et_pb_text admin_label=\u00a0\u00bbPage heading\u00a0\u00bb module_class=\u00a0\u00bbpage-heading\u00a0\u00bb _builder_version=\u00a0\u00bb3.29.3&Prime; header_2_font=\u00a0\u00bb|300|||||||\u00a0\u00bb custom_margin=\u00a0\u00bb||0px||false|false\u00a0\u00bb custom_padding=\u00a0\u00bb||0px||false|false\u00a0\u00bb]<\/p>\n<h1>Nordiq Canada<\/h1>\n<h2>Partager nos histoires<\/h2>\n<p>[\/et_pb_text][et_pb_divider color=\u00a0\u00bb#E0251B\u00a0\u00bb divider_position=\u00a0\u00bbcenter\u00a0\u00bb divider_weight=\u00a0\u00bb4px\u00a0\u00bb _builder_version=\u00a0\u00bb3.27.3&Prime; max_width=\u00a0\u00bb15%\u00a0\u00bb module_alignment=\u00a0\u00bbleft\u00a0\u00bb custom_margin=\u00a0\u00bb0px||2rem||false|false\u00a0\u00bb custom_padding=\u00a0\u00bb0px||||false|false\u00a0\u00bb][\/et_pb_divider][et_pb_text _builder_version=\u00a0\u00bb3.29.3&Prime;]<\/p>\n<p>La vid\u00e9o devient rapidement l&rsquo;outil de marketing de contenu le plus important, surtout en mati\u00e8re de sport. Actuellement, nous utilisons principalement la vid\u00e9o pour mettre en valeur les athl\u00e8tes et les \u00e9v\u00e9nements et pour donner des instructions techniques. \u00c0 l&rsquo;avenir, nous esp\u00e9rons utiliser davantage de vid\u00e9os pour partager des histoires et des sources d&rsquo;inspiration de partout au Canada, \u00e0 l&rsquo;appui de notre objectif : tous les Canadiens en ski et plus d&rsquo;athl\u00e8tes canadiens sur les podiums. Nous avons commenc\u00e9 par une petite s\u00e9rie de vid\u00e9os qui ont \u00e9t\u00e9 mont\u00e9es \u00e0 des fins diverses. N&rsquo;h\u00e9sitez pas \u00e0 les partager dans vos r\u00e9seaux sociaux et votre marketing local, lors d&rsquo;\u00e9v\u00e9nements et dans votre chalet de ski. De plus, revenez jeter un coup d&rsquo;\u0153il souvent \u00e0 mesure que nous augmentons la taille et la diversit\u00e9 de notre collection.<\/p>\n<p>[\/et_pb_text][et_pb_text _builder_version=\u00a0\u00bb3.29.3&Prime;]<\/p>\n<h2>Vid\u00e9o signature<\/h2>\n<p>[\/et_pb_text][et_pb_video src=\u00a0\u00bbhttps:\/\/vimeo.com\/324260199&Prime; _builder_version=\u00a0\u00bb3.27.4&Prime;][\/et_pb_video][et_pb_text _builder_version=\u00a0\u00bb3.29.3&Prime;]<\/p>\n<p>URL d&rsquo;int\u00e9gration vid\u00e9o: <a href=\"https:\/\/vimeo.com\/324260199\">https:\/\/vimeo.com\/324260199<\/a><\/p>\n<p>Lien de t\u00e9l\u00e9chargement vid\u00e9o: <a href=\"https:\/\/vimeo.com\/taijibrandgroup\/download\/324260199\/9378e8fff3\" target=\"_blank\" rel=\"noopener noreferrer\">https:\/\/vimeo.com\/taijibrandgroup\/download\/324260199\/9378e8fff3<\/a><\/p>\n<p>Code d&rsquo;int\u00e9gration vid\u00e9o:<br \/>&lt;iframe src=\u00a0\u00bbhttps:\/\/player.vimeo.com\/video\/324260199&Prime; width=\u00a0\u00bb640&Prime; height=\u00a0\u00bb480&Prime; frameborder=\u00a0\u00bb0&Prime; allow=\u00a0\u00bbautoplay; fullscreen\u00a0\u00bb allowfullscreen&gt;&lt;\/iframe&gt;<\/p>\n<p>[\/et_pb_text][et_pb_text admin_label=\u00a0\u00bbInstagram Videos\u00a0\u00bb _builder_version=\u00a0\u00bb3.29.3&Prime;]<\/p>\n<h3>Vid\u00e9os Instagram<\/h3>\n<p>Ces vid\u00e9os sont con\u00e7ues pour \u00eatre utilis\u00e9es sur Instagram uniquement.<\/p>\n<p>[\/et_pb_text][\/et_pb_column][\/et_pb_row][et_pb_row column_structure=\u00a0\u00bb1_3,1_3,1_3&Prime; make_equal=\u00a0\u00bbon\u00a0\u00bb _builder_version=\u00a0\u00bb3.29.3&Prime; border_style_all=\u00a0\u00bbnone\u00a0\u00bb border_width_bottom=\u00a0\u00bb2px\u00a0\u00bb border_color_bottom=\u00a0\u00bb#000000&Prime;][et_pb_column type=\u00a0\u00bb1_3&Prime; _builder_version=\u00a0\u00bb3.29.1&Prime;][et_pb_video src=\u00a0\u00bbhttps:\/\/vimeo.com\/360852632&Prime; _builder_version=\u00a0\u00bb3.29.1&Prime;][\/et_pb_video][et_pb_text _builder_version=\u00a0\u00bb3.29.3&Prime; text_font_size=\u00a0\u00bb16px\u00a0\u00bb]<\/p>\n<h3>Enfants sur le lac<\/h3>\n<p><strong>URL d&rsquo;int\u00e9gration vid\u00e9o:<\/strong> <a href=\"https:\/\/vimeo.com\/360852632\">https:\/\/vimeo.com\/360852632<\/a><\/p>\n<p><strong>Lien de t\u00e9l\u00e9chargement vid\u00e9o:<\/strong> <a href=\"https:\/\/vimeo.com\/taijibrandgroup\/download\/360852632\/eb08657537\">https:\/\/vimeo.com\/taijibrandgroup\/download\/360852632\/eb08657537<\/a><\/p>\n<p><strong>Code d&rsquo;int\u00e9gration vid\u00e9o:<\/strong><br \/>&lt;iframe src=\u00a0\u00bbhttps:\/\/player.vimeo.com\/video\/360852632&Prime; width=\u00a0\u00bb640&Prime; height=\u00a0\u00bb800&Prime; frameborder=\u00a0\u00bb0&Prime; allow=\u00a0\u00bbautoplay; fullscreen\u00a0\u00bb allowfullscreen&gt;&lt;\/iframe&gt;<\/p>\n<p>[\/et_pb_text][\/et_pb_column][et_pb_column type=\u00a0\u00bb1_3&Prime; _builder_version=\u00a0\u00bb3.29.1&Prime;][et_pb_video src=\u00a0\u00bbhttps:\/\/vimeo.com\/360852504&Prime; _builder_version=\u00a0\u00bb3.29.1&Prime;][\/et_pb_video][et_pb_text _builder_version=\u00a0\u00bb3.29.3&Prime; text_font_size=\u00a0\u00bb16px\u00a0\u00bb]<\/p>\n<h3>Ski en famille<\/h3>\n<p><strong>URL d&rsquo;int\u00e9gration vid\u00e9o:<\/strong>\u00a0 <a href=\"https:\/\/vimeo.com\/360852504\">https:\/\/vimeo.com\/360852504<\/a><\/p>\n<p><strong>Lien de t\u00e9l\u00e9chargement vid\u00e9o:<\/strong> <a href=\"https:\/\/vimeo.com\/taijibrandgroup\/download\/360852504\/d0855226a6\">https:\/\/vimeo.com\/taijibrandgroup\/download\/360852504\/d0855226a6<\/a><\/p>\n<p><strong>Code d&rsquo;int\u00e9gration vid\u00e9o:<\/strong><br \/>&lt;iframe src=\u00a0\u00bbhttps:\/\/player.vimeo.com\/video\/360852504&Prime; width=\u00a0\u00bb640&Prime; height=\u00a0\u00bb800&Prime; frameborder=\u00a0\u00bb0&Prime; allow=\u00a0\u00bbautoplay; fullscreen\u00a0\u00bb allowfullscreen&gt;&lt;\/iframe&gt;<\/p>\n<p>[\/et_pb_text][\/et_pb_column][et_pb_column type=\u00a0\u00bb1_3&Prime; _builder_version=\u00a0\u00bb3.29.1&Prime;][et_pb_video src=\u00a0\u00bbhttps:\/\/vimeo.com\/360852337&Prime; _builder_version=\u00a0\u00bb3.29.1&Prime;][\/et_pb_video][et_pb_text _builder_version=\u00a0\u00bb3.29.3&Prime; text_font_size=\u00a0\u00bb16px\u00a0\u00bb]<\/p>\n<h3>Amis en ski<\/h3>\n<p><strong>URL d&rsquo;int\u00e9gration vid\u00e9o:<\/strong>\u00a0 <a href=\"https:\/\/vimeo.com\/360852337\">https:\/\/vimeo.com\/360852337<\/a><\/p>\n<p><strong>Lien de t\u00e9l\u00e9chargement vid\u00e9o:<\/strong> <a href=\"https:\/\/vimeo.com\/taijibrandgroup\/download\/360852337\/51c56508e1\">https:\/\/vimeo.com\/taijibrandgroup\/download\/360852337\/51c56508e1<\/a><\/p>\n<p><strong>Code d&rsquo;int\u00e9gration vide\u00e9o:<\/strong><br \/>&lt;iframe src=\u00a0\u00bbhttps:\/\/player.vimeo.com\/video\/360852337&Prime; width=\u00a0\u00bb640&Prime; height=\u00a0\u00bb800&Prime; frameborder=\u00a0\u00bb0&Prime; allow=\u00a0\u00bbautoplay; fullscreen\u00a0\u00bb allowfullscreen&gt;&lt;\/iframe&gt;<\/p>\n<p>[\/et_pb_text][\/et_pb_column][\/et_pb_row][et_pb_row column_structure=\u00a0\u00bb1_3,1_3,1_3&Prime; make_equal=\u00a0\u00bbon\u00a0\u00bb _builder_version=\u00a0\u00bb3.29.3&Prime; border_style_all=\u00a0\u00bbnone\u00a0\u00bb border_width_bottom=\u00a0\u00bb2px\u00a0\u00bb border_color_bottom=\u00a0\u00bb#000000&Prime;][et_pb_column type=\u00a0\u00bb1_3&Prime; _builder_version=\u00a0\u00bb3.29.1&Prime;][et_pb_video src=\u00a0\u00bbhttps:\/\/vimeo.com\/360852124&Prime; _builder_version=\u00a0\u00bb3.29.3&Prime;][\/et_pb_video][et_pb_text _builder_version=\u00a0\u00bb3.29.3&Prime; text_font_size=\u00a0\u00bb16px\u00a0\u00bb]<\/p>\n<h3>Ski hors-piste et r\u00e9cr\u00e9atif<\/h3>\n<p><strong>URL d&rsquo;int\u00e9gration vid\u00e9o:<\/strong> <a href=\"https:\/\/vimeo.com\/360852124\">https:\/\/vimeo.com\/360852124<\/a><\/p>\n<p><strong>Lien de t\u00e9l\u00e9chargement vid\u00e9o:<\/strong> <a href=\"_wp_link_placeholder\" data-wplink-edit=\"true\">https:\/\/vimeo.com\/taijibrandgroup\/download\/360852124\/3e2324edea<\/a><\/p>\n<p><strong>Code d&rsquo;int\u00e9gration vid\u00e9o:<\/strong><br \/>&lt;iframe src=\u00a0\u00bbhttps:\/\/player.vimeo.com\/video\/360852124&Prime; width=\u00a0\u00bb640&Prime; height=\u00a0\u00bb800&Prime; frameborder=\u00a0\u00bb0&Prime; allow=\u00a0\u00bbautoplay; fullscreen\u00a0\u00bb allowfullscreen&gt;&lt;\/iframe&gt;<\/p>\n<p>[\/et_pb_text][\/et_pb_column][et_pb_column type=\u00a0\u00bb1_3&Prime; _builder_version=\u00a0\u00bb3.29.1&Prime;][et_pb_video src=\u00a0\u00bbhttps:\/\/vimeo.com\/360851684&Prime; _builder_version=\u00a0\u00bb3.29.1&Prime;][\/et_pb_video][et_pb_text _builder_version=\u00a0\u00bb3.29.3&Prime; text_font_size=\u00a0\u00bb16px\u00a0\u00bb]<\/p>\n<h3>Enfants en Ski de nuit<\/h3>\n<p><strong>URL d&rsquo;int\u00e9gration vid\u00e9o: <\/strong><a href=\"https:\/\/vimeo.com\/360851684\">https:\/\/vimeo.com\/360851684<\/a><\/p>\n<p><strong>Lien de t\u00e9l\u00e9chargement vid\u00e9o:<\/strong> <a href=\"https:\/\/vimeo.com\/taijibrandgroup\/download\/360851684\/d64146a148\">https:\/\/vimeo.com\/taijibrandgroup\/download\/360851684\/d64146a148<\/a><\/p>\n<p><strong>Code d&rsquo;int\u00e9gration vid\u00e9o:<\/strong><br \/>&lt;iframe src=\u00a0\u00bbhttps:\/\/player.vimeo.com\/video\/360851684&Prime; width=\u00a0\u00bb640&Prime; height=\u00a0\u00bb800&Prime; frameborder=\u00a0\u00bb0&Prime; allow=\u00a0\u00bbautoplay; fullscreen\u00a0\u00bb allowfullscreen&gt;&lt;\/iframe&gt;<\/p>\n<p>[\/et_pb_text][\/et_pb_column][et_pb_column type=\u00a0\u00bb1_3&Prime; _builder_version=\u00a0\u00bb3.29.1&Prime; custom_css_main_element=\u00a0\u00bbalign-self: flex-end;\u00a0\u00bb][\/et_pb_column][\/et_pb_row][et_pb_row _builder_version=\u00a0\u00bb3.29.3&Prime; border_style_all=\u00a0\u00bbnone\u00a0\u00bb][et_pb_column type=\u00a0\u00bb4_4&Prime; _builder_version=\u00a0\u00bb3.29.3&Prime;][et_pb_text admin_label=\u00a0\u00bbShort Videos\u00a0\u00bb _builder_version=\u00a0\u00bb3.29.3&Prime;]<\/p>\n<h2>Courtes vid\u00e9os<\/h2>\n<p>Ces vid\u00e9os sont con\u00e7ues pour \u00eatre utilis\u00e9es sur d&rsquo;autres plateformes de m\u00e9dias sociaux telles que Facebook, Twitter ou YouTube.<\/p>\n<p>[\/et_pb_text][\/et_pb_column][\/et_pb_row][et_pb_row column_structure=\u00a0\u00bb1_3,1_3,1_3&Prime; _builder_version=\u00a0\u00bb3.29.3&Prime; border_style_all=\u00a0\u00bbnone\u00a0\u00bb border_width_bottom=\u00a0\u00bb2px\u00a0\u00bb border_color_bottom=\u00a0\u00bb#000000&Prime;][et_pb_column type=\u00a0\u00bb1_3&Prime; _builder_version=\u00a0\u00bb3.29.1&Prime;][et_pb_video src=\u00a0\u00bbhttps:\/\/vimeo.com\/360851319&Prime; _builder_version=\u00a0\u00bb3.29.1&Prime;][\/et_pb_video][et_pb_text _builder_version=\u00a0\u00bb3.29.3&Prime; text_font_size=\u00a0\u00bb16px\u00a0\u00bb]<\/p>\n<h3>Ski hors-piste et r\u00e9cr\u00e9atif<\/h3>\n<p><strong>URL d&rsquo;int\u00e9gration vid\u00e9o: <\/strong><a href=\"https:\/\/vimeo.com\/360851319\">https:\/\/vimeo.com\/360851319<\/a><\/p>\n<p><strong>Lien de t\u00e9l\u00e9chargement vid\u00e9o:<\/strong> <a href=\"https:\/\/vimeo.com\/taijibrandgroup\/download\/360851319\/da253fe8eb\">https:\/\/vimeo.com\/taijibrandgroup\/download\/360851319\/da253fe8eb<\/a><\/p>\n<p><strong>Code d&rsquo;int\u00e9gration vid\u00e9o<\/strong><br \/>&lt;iframe src=\u00a0\u00bbhttps:\/\/player.vimeo.com\/video\/360851319&Prime; width=\u00a0\u00bb640&Prime; height=\u00a0\u00bb360&Prime; frameborder=\u00a0\u00bb0&Prime; allow=\u00a0\u00bbautoplay; fullscreen\u00a0\u00bb allowfullscreen&gt;&lt;\/iframe&gt;<\/p>\n<p>[\/et_pb_text][\/et_pb_column][et_pb_column type=\u00a0\u00bb1_3&Prime; _builder_version=\u00a0\u00bb3.29.1&Prime;][et_pb_video src=\u00a0\u00bbhttps:\/\/vimeo.com\/360849660&Prime; _builder_version=\u00a0\u00bb3.29.3&Prime;][\/et_pb_video][et_pb_text _builder_version=\u00a0\u00bb3.29.3&Prime; text_font_size=\u00a0\u00bb16px\u00a0\u00bb]<\/p>\n<h3>Enfants en ski de nuit<\/h3>\n<p><strong>URL d&rsquo;int\u00e9gration vid\u00e9o: <\/strong><a href=\"https:\/\/vimeo.com\/360849660\">https:\/\/vimeo.com\/360849660<\/a><\/p>\n<p><strong>Lien de t\u00e9l\u00e9chargement vid\u00e9o:<\/strong> <a href=\"https:\/\/vimeo.com\/taijibrandgroup\/download\/360849660\/673c4a719d\">https:\/\/vimeo.com\/taijibrandgroup\/download\/360849660\/673c4a719d<\/a><\/p>\n<p><strong>Code d&rsquo;int\u00e9gration vid\u00e9o:<\/strong><br \/>&lt;iframe src=\u00a0\u00bbhttps:\/\/player.vimeo.com\/video\/360849660&Prime; width=\u00a0\u00bb640&Prime; height=\u00a0\u00bb360&Prime; frameborder=\u00a0\u00bb0&Prime; allow=\u00a0\u00bbautoplay; fullscreen\u00a0\u00bb allowfullscreen&gt;&lt;\/iframe&gt;<\/p>\n<p>[\/et_pb_text][\/et_pb_column][et_pb_column type=\u00a0\u00bb1_3&Prime; _builder_version=\u00a0\u00bb3.29.1&Prime;][et_pb_video src=\u00a0\u00bbhttps:\/\/vimeo.com\/360848746&Prime; _builder_version=\u00a0\u00bb3.29.3&Prime;][\/et_pb_video][et_pb_text _builder_version=\u00a0\u00bb3.29.3&Prime; text_font_size=\u00a0\u00bb16px\u00a0\u00bb]<\/p>\n<h3>Amis en ski<\/h3>\n<p><strong>URL d&rsquo;int\u00e9gration vid\u00e9o: <\/strong><a href=\"https:\/\/vimeo.com\/360848746\">https:\/\/vimeo.com\/360848746<\/a><\/p>\n<p><strong>Lien de t\u00e9l\u00e9chargement vid\u00e9o:<\/strong> <a href=\"https:\/\/vimeo.com\/taijibrandgroup\/download\/360848746\/5f6340aa99\">https:\/\/vimeo.com\/taijibrandgroup\/download\/360848746\/5f6340aa99<\/a><\/p>\n<p><strong>Code d&rsquo;int\u00e9gration vid\u00e9o:<\/strong><br \/>&lt;iframe src=\u00a0\u00bbhttps:\/\/player.vimeo.com\/video\/360848746&Prime; width=\u00a0\u00bb640&Prime; height=\u00a0\u00bb360&Prime; frameborder=\u00a0\u00bb0&Prime; allow=\u00a0\u00bbautoplay; fullscreen\u00a0\u00bb allowfullscreen&gt;&lt;\/iframe&gt;<\/p>\n<p>[\/et_pb_text][\/et_pb_column][\/et_pb_row][et_pb_row column_structure=\u00a0\u00bb1_3,1_3,1_3&Prime; _builder_version=\u00a0\u00bb3.29.3&Prime; border_color_all=\u00a0\u00bbrgba(0,0,0,0)\u00a0\u00bb border_style_all=\u00a0\u00bbnone\u00a0\u00bb border_width_bottom=\u00a0\u00bb2px\u00a0\u00bb border_color_bottom=\u00a0\u00bb#000000&Prime;][et_pb_column type=\u00a0\u00bb1_3&Prime; _builder_version=\u00a0\u00bb3.29.1&Prime;][et_pb_video src=\u00a0\u00bbhttps:\/\/vimeo.com\/360848137&Prime; _builder_version=\u00a0\u00bb3.29.1&Prime;][\/et_pb_video][et_pb_text _builder_version=\u00a0\u00bb3.29.3&Prime; text_font_size=\u00a0\u00bb16px\u00a0\u00bb]<\/p>\n<h3>Profil d&rsquo;athl\u00e8te: Natalie Wilkie<\/h3>\n<p><strong>URL d&rsquo;int\u00e9gration vid\u00e9o: <\/strong><a href=\"https:\/\/vimeo.com\/360848137\">https:\/\/vimeo.com\/360848137<\/a><\/p>\n<p><strong>Lien de t\u00e9l\u00e9chargement vid\u00e9o: <\/strong><a href=\"https:\/\/vimeo.com\/taijibrandgroup\/download\/360848137\/df3c6310df\">https:\/\/vimeo.com\/taijibrandgroup\/download\/360848137\/df3c6310df<\/a><\/p>\n<p><strong>Code d&rsquo;int\u00e9gration vid\u00e9o:<\/strong><br \/>&lt;iframe src=\u00a0\u00bbhttps:\/\/player.vimeo.com\/video\/360848137&Prime; width=\u00a0\u00bb640&Prime; height=\u00a0\u00bb360&Prime; frameborder=\u00a0\u00bb0&Prime; allow=\u00a0\u00bbautoplay; fullscreen\u00a0\u00bb allowfullscreen&gt;&lt;\/iframe&gt;<\/p>\n<p>[\/et_pb_text][\/et_pb_column][et_pb_column type=\u00a0\u00bb1_3&Prime; _builder_version=\u00a0\u00bb3.29.1&Prime;][\/et_pb_column][et_pb_column type=\u00a0\u00bb1_3&Prime; _builder_version=\u00a0\u00bb3.29.1&Prime;][\/et_pb_column][\/et_pb_row][\/et_pb_section]<\/p>\n","protected":false},"excerpt":{"rendered":"<p>Nordiq Canada Partager nos histoiresLa vid\u00e9o devient rapidement l&rsquo;outil de marketing de contenu le plus important, surtout en mati\u00e8re de sport. Actuellement, nous utilisons principalement la vid\u00e9o pour mettre en valeur les athl\u00e8tes et les \u00e9v\u00e9nements et pour donner des instructions techniques. \u00c0 l&rsquo;avenir, nous esp\u00e9rons utiliser davantage de vid\u00e9os pour partager des histoires et [&hellip;]<\/p>\n","protected":false},"author":1,"featured_media":0,"parent":0,"menu_order":0,"comment_status":"closed","ping_status":"closed","template":"","meta":{"_et_pb_use_builder":"on","_et_pb_old_content":"","_et_gb_content_width":"","footnotes":""},"class_list":["post-791","page","type-page","status-publish","hentry"],"_links":{"self":[{"href":"https:\/\/clubsafesport.nordiqcanada.ca\/fr\/wp-json\/wp\/v2\/pages\/791","targetHints":{"allow":["GET"]}}],"collection":[{"href":"https:\/\/clubsafesport.nordiqcanada.ca\/fr\/wp-json\/wp\/v2\/pages"}],"about":[{"href":"https:\/\/clubsafesport.nordiqcanada.ca\/fr\/wp-json\/wp\/v2\/types\/page"}],"author":[{"embeddable":true,"href":"https:\/\/clubsafesport.nordiqcanada.ca\/fr\/wp-json\/wp\/v2\/users\/1"}],"replies":[{"embeddable":true,"href":"https:\/\/clubsafesport.nordiqcanada.ca\/fr\/wp-json\/wp\/v2\/comments?post=791"}],"version-history":[{"count":5,"href":"https:\/\/clubsafesport.nordiqcanada.ca\/fr\/wp-json\/wp\/v2\/pages\/791\/revisions"}],"predecessor-version":[{"id":956,"href":"https:\/\/clubsafesport.nordiqcanada.ca\/fr\/wp-json\/wp\/v2\/pages\/791\/revisions\/956"}],"wp:attachment":[{"href":"https:\/\/clubsafesport.nordiqcanada.ca\/fr\/wp-json\/wp\/v2\/media?parent=791"}],"curies":[{"name":"wp","href":"https:\/\/api.w.org\/{rel}","templated":true}]}}