{"id":814,"date":"2019-09-12T08:30:19","date_gmt":"2019-09-12T14:30:19","guid":{"rendered":"https:\/\/clubsafesport.nordiqcanada.ca\/recreation\/"},"modified":"2024-09-17T10:58:36","modified_gmt":"2024-09-17T16:58:36","slug":"voix-des-athletes","status":"publish","type":"page","link":"https:\/\/clubsafesport.nordiqcanada.ca\/fr\/voix-des-athletes\/","title":{"rendered":"Voix des athl\u00e8tes"},"content":{"rendered":"<p>[et_pb_section fb_built=\u00a0\u00bb1&Prime; fullwidth=\u00a0\u00bbon\u00a0\u00bb _builder_version=\u00a0\u00bb4.16&Prime; da_disable_devices=\u00a0\u00bboff|off|off\u00a0\u00bb saved_tabs=\u00a0\u00bball\u00a0\u00bb global_colors_info=\u00a0\u00bb{}\u00a0\u00bb da_is_popup=\u00a0\u00bboff\u00a0\u00bb da_exit_intent=\u00a0\u00bboff\u00a0\u00bb da_has_close=\u00a0\u00bbon\u00a0\u00bb da_alt_close=\u00a0\u00bboff\u00a0\u00bb da_dark_close=\u00a0\u00bboff\u00a0\u00bb da_not_modal=\u00a0\u00bbon\u00a0\u00bb da_is_singular=\u00a0\u00bboff\u00a0\u00bb da_with_loader=\u00a0\u00bboff\u00a0\u00bb da_has_shadow=\u00a0\u00bbon\u00a0\u00bb][et_pb_fullwidth_menu menu_id=\u00a0\u00bb5&Prime; active_link_color=\u00a0\u00bb#e0251b\u00a0\u00bb _builder_version=\u00a0\u00bb4.21.0&Prime; menu_font=\u00a0\u00bb|300||on|||||\u00a0\u00bb menu_font_size=\u00a0\u00bb16px\u00a0\u00bb custom_css_main_element=\u00a0\u00bbtext-align: right;\u00a0\u00bb border_width_bottom=\u00a0\u00bb1px\u00a0\u00bb border_color_bottom=\u00a0\u00bb#e7e7e7&Prime; global_colors_info=\u00a0\u00bb{}\u00a0\u00bb][\/et_pb_fullwidth_menu][\/et_pb_section][et_pb_section fb_built=\u00a0\u00bb1&Prime; _builder_version=\u00a0\u00bb4.16&Prime; da_disable_devices=\u00a0\u00bboff|off|off\u00a0\u00bb global_colors_info=\u00a0\u00bb{}\u00a0\u00bb da_is_popup=\u00a0\u00bboff\u00a0\u00bb da_exit_intent=\u00a0\u00bboff\u00a0\u00bb da_has_close=\u00a0\u00bbon\u00a0\u00bb da_alt_close=\u00a0\u00bboff\u00a0\u00bb da_dark_close=\u00a0\u00bboff\u00a0\u00bb da_not_modal=\u00a0\u00bbon\u00a0\u00bb da_is_singular=\u00a0\u00bboff\u00a0\u00bb da_with_loader=\u00a0\u00bboff\u00a0\u00bb da_has_shadow=\u00a0\u00bbon\u00a0\u00bb][et_pb_row _builder_version=\u00a0\u00bb4.16&Prime; global_colors_info=\u00a0\u00bb{}\u00a0\u00bb][et_pb_column type=\u00a0\u00bb4_4&Prime; _builder_version=\u00a0\u00bb4.16&Prime; global_colors_info=\u00a0\u00bb{}\u00a0\u00bb][et_pb_text admin_label=\u00a0\u00bbPage heading\u00a0\u00bb module_class=\u00a0\u00bbpage-heading\u00a0\u00bb _builder_version=\u00a0\u00bb4.27.0&Prime; header_2_font=\u00a0\u00bb|300|||||||\u00a0\u00bb custom_margin=\u00a0\u00bb||0px||false|false\u00a0\u00bb custom_padding=\u00a0\u00bb||0px||false|false\u00a0\u00bb global_colors_info=\u00a0\u00bb{}\u00a0\u00bb]<\/p>\n<h1>Voix des athl\u00e8tes<\/h1>\n<p>[\/et_pb_text][et_pb_divider color=\u00a0\u00bb#E0251B\u00a0\u00bb divider_position=\u00a0\u00bbcenter\u00a0\u00bb divider_weight=\u00a0\u00bb4px\u00a0\u00bb _builder_version=\u00a0\u00bb4.16&Prime; max_width=\u00a0\u00bb15%\u00a0\u00bb module_alignment=\u00a0\u00bbleft\u00a0\u00bb custom_margin=\u00a0\u00bb0px||2rem||false|false\u00a0\u00bb custom_padding=\u00a0\u00bb0px||||false|false\u00a0\u00bb global_colors_info=\u00a0\u00bb{}\u00a0\u00bb][\/et_pb_divider][et_pb_text _builder_version=\u00a0\u00bb4.27.0&Prime; hover_enabled=\u00a0\u00bb0&Prime; global_colors_info=\u00a0\u00bb{}\u00a0\u00bb sticky_enabled=\u00a0\u00bb0&Prime;]<\/p>\n<p>Dans un environnement sportif s\u00e9curitaire, les athl\u00e8tes et leurs parents donnent leur avis et participent \u00e0 la prise de d\u00e9cision. Pensez \u00e0 nommer des repr\u00e9sentants des athl\u00e8tes pour qu&rsquo;ils donnent leur avis au nom des athl\u00e8tes et \u00e0 cr\u00e9er des postes au sein du conseil d&rsquo;administration pour les athl\u00e8tes. Les sondages sont un autre excellent moyen de recueillir des informations. Vous pouvez cr\u00e9er un compte <a href=\"https:\/\/www.surveymonkey.com\/\">Survey Monkey<\/a> gratuit et utiliser ces sondages.<\/p>\n<ul>\n<li><a href=\"https:\/\/clubsafesport.nordiqcanada.ca\/wp-content\/uploads\/Sondage-aupres-des-athletes-apres-les-voyages-de-camps-et-de-competitions.docx\">Sondage aupr\u00e8s des athl\u00e8tes apr\u00e8s des voyages de camps et de comp\u00e9titions<\/a><\/li>\n<li><a href=\"https:\/\/clubsafesport.nordiqcanada.ca\/wp-content\/uploads\/Sondage-de-fin-de-saison-aupres-des-clubs-sur-le-sport-securitaire-et-le-comportement-ethique.docx\">Sondage de fin de saison du club sur le sport s\u00e9curitaire et le comportement \u00e9thique \u00e0 l&rsquo;intention des athl\u00e8tes et des parents<\/a><\/li>\n<\/ul>\n<p>Il est important que le conseil d&rsquo;administration puisse discuter librement des commentaires sur le comportement de l&rsquo;entra\u00eeneur. Si votre entra\u00eeneur assiste normalement aux r\u00e9unions du conseil d&rsquo;administration, vous pouvez r\u00e9server du temps \u00e0 chaque r\u00e9union en l&rsquo;absence de l&rsquo;entra\u00eeneur. De m\u00eame, il est important que l&rsquo;entra\u00eeneur ait la possibilit\u00e9 de faire part de ses commentaires et de demander de l&rsquo;aide au besoin.<\/p>\n<p>[\/et_pb_text][\/et_pb_column][\/et_pb_row][\/et_pb_section]<\/p>\n","protected":false},"excerpt":{"rendered":"<p>Voix des athl\u00e8tesDans un environnement sportif s\u00e9curitaire, les athl\u00e8tes et leurs parents donnent leur avis et participent \u00e0 la prise de d\u00e9cision. Pensez \u00e0 nommer des repr\u00e9sentants des athl\u00e8tes pour qu&rsquo;ils donnent leur avis au nom des athl\u00e8tes et \u00e0 cr\u00e9er des postes au sein du conseil d&rsquo;administration pour les athl\u00e8tes. Les sondages sont un [&hellip;]<\/p>\n","protected":false},"author":1,"featured_media":0,"parent":0,"menu_order":0,"comment_status":"closed","ping_status":"closed","template":"","meta":{"_et_pb_use_builder":"on","_et_pb_old_content":"","_et_gb_content_width":"","footnotes":""},"class_list":["post-814","page","type-page","status-publish","hentry"],"_links":{"self":[{"href":"https:\/\/clubsafesport.nordiqcanada.ca\/fr\/wp-json\/wp\/v2\/pages\/814","targetHints":{"allow":["GET"]}}],"collection":[{"href":"https:\/\/clubsafesport.nordiqcanada.ca\/fr\/wp-json\/wp\/v2\/pages"}],"about":[{"href":"https:\/\/clubsafesport.nordiqcanada.ca\/fr\/wp-json\/wp\/v2\/types\/page"}],"author":[{"embeddable":true,"href":"https:\/\/clubsafesport.nordiqcanada.ca\/fr\/wp-json\/wp\/v2\/users\/1"}],"replies":[{"embeddable":true,"href":"https:\/\/clubsafesport.nordiqcanada.ca\/fr\/wp-json\/wp\/v2\/comments?post=814"}],"version-history":[{"count":7,"href":"https:\/\/clubsafesport.nordiqcanada.ca\/fr\/wp-json\/wp\/v2\/pages\/814\/revisions"}],"predecessor-version":[{"id":2287,"href":"https:\/\/clubsafesport.nordiqcanada.ca\/fr\/wp-json\/wp\/v2\/pages\/814\/revisions\/2287"}],"wp:attachment":[{"href":"https:\/\/clubsafesport.nordiqcanada.ca\/fr\/wp-json\/wp\/v2\/media?parent=814"}],"curies":[{"name":"wp","href":"https:\/\/api.w.org\/{rel}","templated":true}]}}